{"id":10680,"date":"2019-12-16T15:25:56","date_gmt":"2019-12-16T12:25:56","guid":{"rendered":"http:\/\/ltab.lv\/?page_id=10680"},"modified":"2023-01-12T07:58:33","modified_gmt":"2023-01-12T04:58:33","slug":"atbildiga-apdrosinataja-meklesana","status":"publish","type":"page","link":"https:\/\/statistika.ltab.lv\/ru\/riki-apdrosinatajiem\/atbildiga-apdrosinataja-meklesana\/","title":{"rendered":"Atbild\u012bg\u0101 apdro\u0161in\u0101t\u0101ja mekl\u0113\u0161ana"},"content":{"rendered":"","protected":false},"excerpt":{"rendered":"","protected":false},"author":7,"featured_media":0,"parent":10587,"menu_order":110,"comment_status":"closed","ping_status":"closed","template":"redirect.php","meta":{"_acf_changed":false,"footnotes":""},"class_list":["post-10680","page","type-page","status-publish","hentry"],"acf":[],"_links":{"self":[{"href":"https:\/\/statistika.ltab.lv\/ru\/wp-json\/wp\/v2\/pages\/10680","targetHints":{"allow":["GET"]}}],"collection":[{"href":"https:\/\/statistika.ltab.lv\/ru\/wp-json\/wp\/v2\/pages"}],"about":[{"href":"https:\/\/statistika.ltab.lv\/ru\/wp-json\/wp\/v2\/types\/page"}],"author":[{"embeddable":true,"href":"https:\/\/statistika.ltab.lv\/ru\/wp-json\/wp\/v2\/users\/7"}],"replies":[{"embeddable":true,"href":"https:\/\/statistika.ltab.lv\/ru\/wp-json\/wp\/v2\/comments?post=10680"}],"version-history":[{"count":2,"href":"https:\/\/statistika.ltab.lv\/ru\/wp-json\/wp\/v2\/pages\/10680\/revisions"}],"predecessor-version":[{"id":15984,"href":"https:\/\/statistika.ltab.lv\/ru\/wp-json\/wp\/v2\/pages\/10680\/revisions\/15984"}],"up":[{"embeddable":true,"href":"https:\/\/statistika.ltab.lv\/ru\/wp-json\/wp\/v2\/pages\/10587"}],"wp:attachment":[{"href":"https:\/\/statistika.ltab.lv\/ru\/wp-json\/wp\/v2\/media?parent=10680"}],"curies":[{"name":"wp","href":"https:\/\/api.w.org\/{rel}","templated":true}]}}